{"id":673,"date":"2022-01-19T10:40:50","date_gmt":"2022-01-19T09:40:50","guid":{"rendered":"https:\/\/precom.lechateaudelamothe.diadao.dev\/accueil\/"},"modified":"2024-10-01T11:44:43","modified_gmt":"2024-10-01T09:44:43","slug":"home","status":"publish","type":"page","link":"https:\/\/www.lechateaudelamothe.fr\/en\/","title":{"rendered":"Home"},"content":{"rendered":"","protected":false},"excerpt":{"rendered":"","protected":false},"author":4,"featured_media":0,"parent":0,"menu_order":1,"comment_status":"closed","ping_status":"closed","template":"","meta":{"_seopress_robots_primary_cat":"","_seopress_titles_title":"~Ch\u00e2teau de la Mothe | \u00c9v\u00e8nements &amp; S\u00e9minaire dans l&#039;Allier, Auvergne ","_seopress_titles_desc":"Site Officiel \u2705 Organisez votre \u00e9v\u00e8nement, mariage ou s\u00e9minaire en Auvergne \u00e0 notre Ch\u00e2teau de la Mothe. Location de salles \u00e0 Vicq dans l&#039;Allier.","_seopress_robots_index":"","inline_featured_image":false,"footnotes":""},"class_list":["post-673","page","type-page","status-publish","hentry"],"acf":[],"_links":{"self":[{"href":"https:\/\/www.lechateaudelamothe.fr\/en\/wp-json\/wp\/v2\/pages\/673","targetHints":{"allow":["GET"]}}],"collection":[{"href":"https:\/\/www.lechateaudelamothe.fr\/en\/wp-json\/wp\/v2\/pages"}],"about":[{"href":"https:\/\/www.lechateaudelamothe.fr\/en\/wp-json\/wp\/v2\/types\/page"}],"author":[{"embeddable":true,"href":"https:\/\/www.lechateaudelamothe.fr\/en\/wp-json\/wp\/v2\/users\/4"}],"replies":[{"embeddable":true,"href":"https:\/\/www.lechateaudelamothe.fr\/en\/wp-json\/wp\/v2\/comments?post=673"}],"version-history":[{"count":51,"href":"https:\/\/www.lechateaudelamothe.fr\/en\/wp-json\/wp\/v2\/pages\/673\/revisions"}],"predecessor-version":[{"id":2020,"href":"https:\/\/www.lechateaudelamothe.fr\/en\/wp-json\/wp\/v2\/pages\/673\/revisions\/2020"}],"wp:attachment":[{"href":"https:\/\/www.lechateaudelamothe.fr\/en\/wp-json\/wp\/v2\/media?parent=673"}],"curies":[{"name":"wp","href":"https:\/\/api.w.org\/{rel}","templated":true}]}}